{"id":2,"date":"2021-10-08T11:19:51","date_gmt":"2021-10-08T11:19:51","guid":{"rendered":"http:\/\/octagonexport.com\/?page_id=2"},"modified":"2021-10-08T12:03:16","modified_gmt":"2021-10-08T12:03:16","slug":"sample-page","status":"publish","type":"page","link":"https:\/\/octagonexport.com\/","title":{"rendered":""},"content":{"rendered":"\n<h1 class=\"wp-block-heading\">\u0130leti\u015fim<\/h1>\n\n\n\n<p>Ni\u015fanta\u015f Mh. Kemerli Cad. Kemerli \u0130\u015f Mrk. A Blok No: 9\/606 Sel\u00e7uklu, Konya, T\u00fcrkiye<br>T:+90 332\u00a0235 16 26<br>www.octagonexport.com<br>info@octagonexport.com<\/p>\n","protected":false},"excerpt":{"rendered":"<p>\u0130leti\u015fim Ni\u015fanta\u015f Mh. Kemerli Cad. Kemerli \u0130\u015f Mrk. A Blok No: 9\/606 Sel\u00e7uklu, Konya, T\u00fcrkiyeT:+90 332\u00a0235 16 26www.octagonexport.cominfo@octagonexport.com<\/p>\n","protected":false},"author":1,"featured_media":0,"parent":0,"menu_order":0,"comment_status":"closed","ping_status":"open","template":"","meta":{"om_disable_all_campaigns":false,"_monsterinsights_skip_tracking":false,"_monsterinsights_sitenote_active":false,"_monsterinsights_sitenote_note":"","_monsterinsights_sitenote_category":0,"footnotes":""},"_links":{"self":[{"href":"https:\/\/octagonexport.com\/index.php\/wp-json\/wp\/v2\/pages\/2"}],"collection":[{"href":"https:\/\/octagonexport.com\/index.php\/wp-json\/wp\/v2\/pages"}],"about":[{"href":"https:\/\/octagonexport.com\/index.php\/wp-json\/wp\/v2\/types\/page"}],"author":[{"embeddable":true,"href":"https:\/\/octagonexport.com\/index.php\/wp-json\/wp\/v2\/users\/1"}],"replies":[{"embeddable":true,"href":"https:\/\/octagonexport.com\/index.php\/wp-json\/wp\/v2\/comments?post=2"}],"version-history":[{"count":2,"href":"https:\/\/octagonexport.com\/index.php\/wp-json\/wp\/v2\/pages\/2\/revisions"}],"predecessor-version":[{"id":27,"href":"https:\/\/octagonexport.com\/index.php\/wp-json\/wp\/v2\/pages\/2\/revisions\/27"}],"wp:attachment":[{"href":"https:\/\/octagonexport.com\/index.php\/wp-json\/wp\/v2\/media?parent=2"}],"curies":[{"name":"wp","href":"https:\/\/api.w.org\/{rel}","templated":true}]}}